{"id":1831,"date":"2023-09-20T21:42:09","date_gmt":"2023-09-20T20:42:09","guid":{"rendered":"https:\/\/stunforge.com\/?page_id=1831"},"modified":"2025-04-09T15:43:35","modified_gmt":"2025-04-09T14:43:35","slug":"impressum","status":"publish","type":"page","link":"https:\/\/stunforge.com\/index.php\/impressum\/","title":{"rendered":"Impressum"},"content":{"rendered":"\t\t<div data-elementor-type=\"wp-page\" data-elementor-id=\"1831\" class=\"elementor elementor-1831\">\n\t\t\t\t\t\t\t\t\t<section data-marvy_enable_drop_animation=\"false\" data-marvy_enable_fancy_rotate=\"false\" data-marvy_enable_flying_object=\"false\" data-marvy_enable_ripples_animation=\"false\" data-marvy_enable_waves_animation=\"false\" data-marvy_enable_rings_animation=\"false\" data-marvy_enable_topology_animation=\"false\" data-marvy_enable_gradient_animation=\"false\" data-marvy_enable_snow_animation=\"false\" data-marvy_enable_firework_animation=\"false\" class=\"elementor-section elementor-top-section elementor-element elementor-element-365cb64 elementor-section-boxed elementor-section-height-default elementor-section-height-default\" data-id=\"365cb64\" data-element_type=\"section\" data-settings=\"{&quot;_ha_eqh_enable&quot;:false}\">\n\t\t\t\t\t\t<div class=\"elementor-container elementor-column-gap-default\">\n\t\t\t\t\t<div class=\"elementor-column elementor-col-100 elementor-top-column elementor-element elementor-element-d45e041\" data-id=\"d45e041\" data-element_type=\"column\">\n\t\t\t<div class=\"elementor-widget-wrap elementor-element-populated\">\n\t\t\t\t\t\t\t\t<div class=\"elementor-element elementor-element-6701647 elementor-widget elementor-widget-text-editor\" data-id=\"6701647\" data-element_type=\"widget\" data-widget_type=\"text-editor.default\">\n\t\t\t\t<div class=\"elementor-widget-container\">\n\t\t\t<style>\/*! elementor - v3.16.0 - 20-09-2023 *\/\n.elementor-widget-text-editor.elementor-drop-cap-view-stacked .elementor-drop-cap{background-color:#69727d;color:#fff}.elementor-widget-text-editor.elementor-drop-cap-view-framed .elementor-drop-cap{color:#69727d;border:3px solid;background-color:transparent}.elementor-widget-text-editor:not(.elementor-drop-cap-view-default) .elementor-drop-cap{margin-top:8px}.elementor-widget-text-editor:not(.elementor-drop-cap-view-default) .elementor-drop-cap-letter{width:1em;height:1em}.elementor-widget-text-editor .elementor-drop-cap{float:left;text-align:center;line-height:1;font-size:50px}.elementor-widget-text-editor .elementor-drop-cap-letter{display:inline-block}<\/style>\t\t\t\t<p>Bitte beachten Sie das die Angaben noch nicht Vollst\u00e4ndig sind da das Unternehmen erst vor kurzer Zeit gegr\u00fcndet wurde und wir derzeit auf Antworten der zust\u00e4nidgen Beh\u00f6rden warten.<\/p>\t\t\t\t\t\t<\/div>\n\t\t\t\t<\/div>\n\t\t\t\t<div class=\"elementor-element elementor-element-37ca1b3 elementor-widget elementor-widget-text-editor\" data-id=\"37ca1b3\" data-element_type=\"widget\" data-widget_type=\"text-editor.default\">\n\t\t\t\t<div class=\"elementor-widget-container\">\n\t\t\t\t\t\t\t<p><b>IMPRESSUM<\/b><br>Angaben gem\u00e4\u00df \u00a7 5 TMG<br>Stunforge UG (haftungsbeschr\u00e4nkt)<br>Bornefeld-Ettmann-Str. 27a<br>59329 Wadersloh<br>Handelsregister-Nummer: HRB 21270<br>Registergericht: Amtsgericht 48149 M\u00fcnster (Westfalen)<br>Vertreten durch:<br>Nando Caputo Crapa &amp; Sebastian Pokutta<br>Kontakt<br>Telefon: +49163 7892164<br>E-Mail: nando@stunforge.com oder basti@stunforge.com<br>Umsatzsteuer-ID: DE363346355<br>EU-Streitschlichtung<br>Die Europ\u00e4ische Kommission stellt eine Plattform zur Online-Streitbeilegung (OS) bereit:<br>https:\/\/ec.europa.eu\/consumers\/odr\/.<br>Unsere E-Mail-Adresse finden Sie oben im Impressum.<br>Verbraucherstreitbeilegung\/Universalschlichtungsstelle<br>Wir sind nicht bereit oder verpflichtet, an Streitbeilegungsverfahren vor einer<br>Verbraucherschlichtungsstelle teilzunehmen.<\/p>\n<p>Quelle: https:\/\/www.e-recht24.de\/impressum-generator.html<\/p>\t\t\t\t\t\t<\/div>\n\t\t\t\t<\/div>\n\t\t\t\t\t<\/div>\n\t\t<\/div>\n\t\t\t\t\t\t\t<\/div>\n\t\t<\/section>\n\t\t\t\t\t\t\t<\/div>\n\t\t","protected":false},"excerpt":{"rendered":"<p>Bitte beachten Sie das die Angaben noch nicht Vollst\u00e4ndig sind da das Unternehmen erst vor kurzer Zeit gegr\u00fcndet wurde und wir derzeit auf Antworten der zust\u00e4nidgen Beh\u00f6rden warten. IMPRESSUMAngaben gem\u00e4\u00df \u00a7 5 TMGStunforge UG (haftungsbeschr\u00e4nkt)Bornefeld-Ettmann-Str. 27a59329 WaderslohHandelsregister-Nummer: HRB 21270Registergericht: Amtsgericht 48149 M\u00fcnster (Westfalen)Vertreten durch:Nando Caputo Crapa &amp; Sebastian PokuttaKontaktTelefon: +49163 7892164E-Mail: nando@stunforge.com oder basti@stunforge.comUmsatzsteuer-ID: DE363346355EU-StreitschlichtungDie &hellip;<\/p>\n<p class=\"read-more\"> <a class=\"\" href=\"https:\/\/stunforge.com\/index.php\/impressum\/\"> <span class=\"screen-reader-text\">Impressum<\/span> Read More &raquo;<\/a><\/p>\n","protected":false},"author":1,"featured_media":0,"parent":0,"menu_order":0,"comment_status":"closed","ping_status":"closed","template":"","meta":{"om_disable_all_campaigns":false,"_monsterinsights_skip_tracking":false,"_monsterinsights_sitenote_active":false,"_monsterinsights_sitenote_note":"","_monsterinsights_sitenote_category":0,"site-sidebar-layout":"default","site-content-layout":"","ast-site-content-layout":"default","site-content-style":"default","site-sidebar-style":"default","ast-global-header-display":"","ast-banner-title-visibility":"","ast-main-header-display":"","ast-hfb-above-header-display":"","ast-hfb-below-header-display":"","ast-hfb-mobile-header-display":"","site-post-title":"","ast-breadcrumbs-content":"","ast-featured-img":"","footer-sml-layout":"","theme-transparent-header-meta":"","adv-header-id-meta":"","stick-header-meta":"","header-above-stick-meta":"","header-main-stick-meta":"","header-below-stick-meta":"","astra-migrate-meta-layouts":"set"},"aioseo_notices":[],"_links":{"self":[{"href":"https:\/\/stunforge.com\/index.php\/wp-json\/wp\/v2\/pages\/1831"}],"collection":[{"href":"https:\/\/stunforge.com\/index.php\/wp-json\/wp\/v2\/pages"}],"about":[{"href":"https:\/\/stunforge.com\/index.php\/wp-json\/wp\/v2\/types\/page"}],"author":[{"embeddable":true,"href":"https:\/\/stunforge.com\/index.php\/wp-json\/wp\/v2\/users\/1"}],"replies":[{"embeddable":true,"href":"https:\/\/stunforge.com\/index.php\/wp-json\/wp\/v2\/comments?post=1831"}],"version-history":[{"count":10,"href":"https:\/\/stunforge.com\/index.php\/wp-json\/wp\/v2\/pages\/1831\/revisions"}],"predecessor-version":[{"id":4228,"href":"https:\/\/stunforge.com\/index.php\/wp-json\/wp\/v2\/pages\/1831\/revisions\/4228"}],"wp:attachment":[{"href":"https:\/\/stunforge.com\/index.php\/wp-json\/wp\/v2\/media?parent=1831"}],"curies":[{"name":"wp","href":"https:\/\/api.w.org\/{rel}","templated":true}]}}